{"id":31,"date":"2023-12-15T03:11:12","date_gmt":"2023-12-15T02:11:12","guid":{"rendered":"https:\/\/surfersurlacanopee.com\/?page_id=31"},"modified":"2024-04-10T17:08:00","modified_gmt":"2024-04-10T15:08:00","slug":"qui-sommes-nous","status":"publish","type":"page","link":"https:\/\/surfersurlacanopee.com\/index.php\/qui-sommes-nous\/","title":{"rendered":"Qui sommes-nous ?"},"content":{"rendered":"\n<p>Bient\u00f4t vous d\u00e9couvrirez la v\u00e9rit\u00e9 sur les surfeurs de la canop\u00e9e&#8230;<\/p>\n\n\n\n<p>Pr\u00eats \u00e0 embarquer avec nous dans cette aventure rocambolesque ? Les surfeurs, cinq au total, vous raconteront tour \u00e0 tour et avec leurs propres mots, les choses qui ont captur\u00e9 leur attention au dessus et en de\u00e7\u00e0 de la canop\u00e9e. Je vous pr\u00e9sente :<\/p>\n\n\n\n<ul>\n<li><mark>Captain Kolibui<\/mark>, l\u2019ami des cr\u00e9atures de la canop\u00e9e<\/li>\n\n\n\n<li><mark>Mama Yeti<\/mark>, sauvage et botaniste en herbe<\/li>\n\n\n\n<li><mark>Nilad<\/mark>, sir\u00e8ne de la mangrove<\/li>\n\n\n\n<li><mark>Selmagique<\/mark>, la f\u00e9e des tropiques<\/li>\n\n\n\n<li><mark>Rubini<\/mark>, notre petit surfeur aventurier, en mode \u00ab&nbsp;mini&nbsp;\u00bb<\/li>\n<\/ul>\n\n\n\n<p>Alors, c\u2019est parti pour l\u2019aventure, amigos !<\/p>\n\n\n","protected":false},"excerpt":{"rendered":"<p>Bient\u00f4t vous d\u00e9couvrirez la v\u00e9rit\u00e9 sur les surfeurs de la canop\u00e9e&#8230; Pr\u00eats \u00e0 embarquer avec nous dans cette aventure rocambolesque [&hellip;]<\/p>\n","protected":false},"author":1,"featured_media":0,"parent":0,"menu_order":0,"comment_status":"closed","ping_status":"closed","template":"","meta":{"om_disable_all_campaigns":false,"_monsterinsights_skip_tracking":false,"_monsterinsights_sitenote_active":false,"_monsterinsights_sitenote_note":"","_monsterinsights_sitenote_category":0,"site-sidebar-layout":"default","site-content-layout":"","ast-site-content-layout":"","site-content-style":"default","site-sidebar-style":"default","ast-global-header-display":"","ast-banner-title-visibility":"","ast-main-header-display":"","ast-hfb-above-header-display":"","ast-hfb-below-header-display":"","ast-hfb-mobile-header-display":"","site-post-title":"","ast-breadcrumbs-content":"","ast-featured-img":"","footer-sml-layout":"","theme-transparent-header-meta":"","adv-header-id-meta":"","stick-header-meta":"","header-above-stick-meta":"","header-main-stick-meta":"","header-below-stick-meta":"","astra-migrate-meta-layouts":"default","ast-page-background-enabled":"default","ast-page-background-meta":{"desktop":{"background-color":"var(--ast-global-color-4)","background-image":"","background-repeat":"repeat","background-position":"center center","background-size":"auto","background-attachment":"scroll","background-type":"","background-media":"","overlay-type":"","overlay-color":"","overlay-gradient":""},"tablet":{"background-color":"","background-image":"","background-repeat":"repeat","background-position":"center center","background-size":"auto","background-attachment":"scroll","background-type":"","background-media":"","overlay-type":"","overlay-color":"","overlay-gradient":""},"mobile":{"background-color":"","background-image":"","background-repeat":"repeat","background-position":"center center","background-size":"auto","background-attachment":"scroll","background-type":"","background-media":"","overlay-type":"","overlay-color":"","overlay-gradient":""}},"ast-content-background-meta":{"desktop":{"background-color":"var(--ast-global-color-5)","background-image":"","background-repeat":"repeat","background-position":"center center","background-size":"auto","background-attachment":"scroll","background-type":"","background-media":"","overlay-type":"","overlay-color":"","overlay-gradient":""},"tablet":{"background-color":"var(--ast-global-color-5)","background-image":"","background-repeat":"repeat","background-position":"center center","background-size":"auto","background-attachment":"scroll","background-type":"","background-media":"","overlay-type":"","overlay-color":"","overlay-gradient":""},"mobile":{"background-color":"var(--ast-global-color-5)","background-image":"","background-repeat":"repeat","background-position":"center center","background-size":"auto","background-attachment":"scroll","background-type":"","background-media":"","overlay-type":"","overlay-color":"","overlay-gradient":""}},"footnotes":""},"aioseo_notices":[],"_links":{"self":[{"href":"https:\/\/surfersurlacanopee.com\/index.php\/wp-json\/wp\/v2\/pages\/31"}],"collection":[{"href":"https:\/\/surfersurlacanopee.com\/index.php\/wp-json\/wp\/v2\/pages"}],"about":[{"href":"https:\/\/surfersurlacanopee.com\/index.php\/wp-json\/wp\/v2\/types\/page"}],"author":[{"embeddable":true,"href":"https:\/\/surfersurlacanopee.com\/index.php\/wp-json\/wp\/v2\/users\/1"}],"replies":[{"embeddable":true,"href":"https:\/\/surfersurlacanopee.com\/index.php\/wp-json\/wp\/v2\/comments?post=31"}],"version-history":[{"count":2,"href":"https:\/\/surfersurlacanopee.com\/index.php\/wp-json\/wp\/v2\/pages\/31\/revisions"}],"predecessor-version":[{"id":164,"href":"https:\/\/surfersurlacanopee.com\/index.php\/wp-json\/wp\/v2\/pages\/31\/revisions\/164"}],"wp:attachment":[{"href":"https:\/\/surfersurlacanopee.com\/index.php\/wp-json\/wp\/v2\/media?parent=31"}],"curies":[{"name":"wp","href":"https:\/\/api.w.org\/{rel}","templated":true}]}}